{"id":11044,"date":"2022-10-20T12:15:05","date_gmt":"2022-10-20T12:15:05","guid":{"rendered":"https:\/\/vilex.hu\/?post_type=product&#038;p=11044"},"modified":"2022-10-20T12:17:59","modified_gmt":"2022-10-20T12:17:59","slug":"rudfoldelohoz-kotorocsucs-21-7-061-1-2","status":"publish","type":"product","link":"https:\/\/vilex.hu\/en\/shop\/elektromoshalozat\/egyeb-termekek\/rudfoldelohoz-kotorocsucs-21-7-061-1-2\/","title":{"rendered":"R\u00fadf\u00f6ldel\u0151h\u00f6z k\u0151t\u00f6r\u0151cs\u00facs 21-7-061\/1"},"content":{"rendered":"","protected":false},"excerpt":{"rendered":"<p>R\u00fadf\u00f6ldel\u0151h\u00f6z k\u0151t\u00f6r\u0151cs\u00facs<\/p>\n<p>V\u00c1T-H21\u00a0 21-7-061\/1<\/p>\n<p>Fel\u00fcletkezel\u00e9s: T\u0171zi horganyz\u00e1s<\/p>","protected":false},"featured_media":11046,"comment_status":"closed","ping_status":"closed","template":"","meta":[],"product_brand":[],"product_cat":[38],"product_tag":[],"class_list":{"0":"post-11044","1":"product","2":"type-product","3":"status-publish","4":"has-post-thumbnail","6":"product_cat-egyeb-termekek","8":"first","9":"instock","10":"shipping-taxable","11":"product-type-simple"},"_links":{"self":[{"href":"https:\/\/vilex.hu\/en\/wp-json\/wp\/v2\/product\/11044","targetHints":{"allow":["GET"]}}],"collection":[{"href":"https:\/\/vilex.hu\/en\/wp-json\/wp\/v2\/product"}],"about":[{"href":"https:\/\/vilex.hu\/en\/wp-json\/wp\/v2\/types\/product"}],"replies":[{"embeddable":true,"href":"https:\/\/vilex.hu\/en\/wp-json\/wp\/v2\/comments?post=11044"}],"wp:featuredmedia":[{"embeddable":true,"href":"https:\/\/vilex.hu\/en\/wp-json\/wp\/v2\/media\/11046"}],"wp:attachment":[{"href":"https:\/\/vilex.hu\/en\/wp-json\/wp\/v2\/media?parent=11044"}],"wp:term":[{"taxonomy":"product_brand","embeddable":true,"href":"https:\/\/vilex.hu\/en\/wp-json\/wp\/v2\/product_brand?post=11044"},{"taxonomy":"product_cat","embeddable":true,"href":"https:\/\/vilex.hu\/en\/wp-json\/wp\/v2\/product_cat?post=11044"},{"taxonomy":"product_tag","embeddable":true,"href":"https:\/\/vilex.hu\/en\/wp-json\/wp\/v2\/product_tag?post=11044"}],"curies":[{"name":"wp","href":"https:\/\/api.w.org\/{rel}","templated":true}]}}