{"id":11176,"date":"2023-02-17T09:19:51","date_gmt":"2023-02-17T09:19:51","guid":{"rendered":"https:\/\/vilex.hu\/?post_type=product&#038;p=11176"},"modified":"2023-04-05T06:05:03","modified_gmt":"2023-04-05T06:05:03","slug":"foldelocsap-naf-oszlophoz","status":"publish","type":"product","link":"https:\/\/vilex.hu\/en\/shop\/elektromoshalozat\/egyeb-termekek\/foldelocsap-naf-oszlophoz\/","title":{"rendered":"F\u00f6ldel\u0151csap NAF oszlophoz"},"content":{"rendered":"","protected":false},"excerpt":{"rendered":"<p>F\u00f6ldel\u0151csap<\/p>\n<p>Nagyfesz\u00fclts\u00e9g\u0171 oszlopokhoz<\/p>\n<p>V\u00c1T-H 20-7-022<\/p>\n<p>Opus Tit\u00e1sz cikksz\u00e1m :10000281<\/p>\n<p>Term\u00e9k s\u00falya : 0,236kg<\/p>\n<p>Fel\u00fcletkezel\u00e9s: T\u0171zi horganyz\u00e1s<\/p>","protected":false},"featured_media":11177,"comment_status":"closed","ping_status":"closed","template":"","meta":[],"product_brand":[],"product_cat":[38],"product_tag":[],"class_list":{"0":"post-11176","1":"product","2":"type-product","3":"status-publish","4":"has-post-thumbnail","6":"product_cat-egyeb-termekek","8":"first","9":"instock","10":"shipping-taxable","11":"product-type-simple"},"_links":{"self":[{"href":"https:\/\/vilex.hu\/en\/wp-json\/wp\/v2\/product\/11176","targetHints":{"allow":["GET"]}}],"collection":[{"href":"https:\/\/vilex.hu\/en\/wp-json\/wp\/v2\/product"}],"about":[{"href":"https:\/\/vilex.hu\/en\/wp-json\/wp\/v2\/types\/product"}],"replies":[{"embeddable":true,"href":"https:\/\/vilex.hu\/en\/wp-json\/wp\/v2\/comments?post=11176"}],"wp:featuredmedia":[{"embeddable":true,"href":"https:\/\/vilex.hu\/en\/wp-json\/wp\/v2\/media\/11177"}],"wp:attachment":[{"href":"https:\/\/vilex.hu\/en\/wp-json\/wp\/v2\/media?parent=11176"}],"wp:term":[{"taxonomy":"product_brand","embeddable":true,"href":"https:\/\/vilex.hu\/en\/wp-json\/wp\/v2\/product_brand?post=11176"},{"taxonomy":"product_cat","embeddable":true,"href":"https:\/\/vilex.hu\/en\/wp-json\/wp\/v2\/product_cat?post=11176"},{"taxonomy":"product_tag","embeddable":true,"href":"https:\/\/vilex.hu\/en\/wp-json\/wp\/v2\/product_tag?post=11176"}],"curies":[{"name":"wp","href":"https:\/\/api.w.org\/{rel}","templated":true}]}}