{"id":11210,"date":"2023-02-24T12:57:08","date_gmt":"2023-02-24T12:57:08","guid":{"rendered":"https:\/\/vilex.hu\/?post_type=product&#038;p=11210"},"modified":"2023-03-13T07:33:52","modified_gmt":"2023-03-13T07:33:52","slug":"lampakar-v2t-10-89","status":"publish","type":"product","link":"https:\/\/vilex.hu\/en\/shop\/elektromoshalozat\/egyeb-termekek\/lampakar-v2t-10-89\/","title":{"rendered":"L\u00e1mpakar V2T"},"content":{"rendered":"","protected":false},"excerpt":{"rendered":"<p>L\u00e1mpakar 2 \u00e1g\u00fa<\/p>\n<p>Teleszk\u00f3pikus oszlopokra<\/p>\n<p>Fel\u00fcletkezel\u00e9s: T\u0171zi horganyz\u00e1s<\/p>","protected":false},"featured_media":11212,"comment_status":"closed","ping_status":"closed","template":"","meta":[],"product_brand":[],"product_cat":[38],"product_tag":[],"class_list":{"0":"post-11210","1":"product","2":"type-product","3":"status-publish","4":"has-post-thumbnail","6":"product_cat-egyeb-termekek","8":"first","9":"instock","10":"shipping-taxable","11":"product-type-simple"},"_links":{"self":[{"href":"https:\/\/vilex.hu\/en\/wp-json\/wp\/v2\/product\/11210","targetHints":{"allow":["GET"]}}],"collection":[{"href":"https:\/\/vilex.hu\/en\/wp-json\/wp\/v2\/product"}],"about":[{"href":"https:\/\/vilex.hu\/en\/wp-json\/wp\/v2\/types\/product"}],"replies":[{"embeddable":true,"href":"https:\/\/vilex.hu\/en\/wp-json\/wp\/v2\/comments?post=11210"}],"wp:featuredmedia":[{"embeddable":true,"href":"https:\/\/vilex.hu\/en\/wp-json\/wp\/v2\/media\/11212"}],"wp:attachment":[{"href":"https:\/\/vilex.hu\/en\/wp-json\/wp\/v2\/media?parent=11210"}],"wp:term":[{"taxonomy":"product_brand","embeddable":true,"href":"https:\/\/vilex.hu\/en\/wp-json\/wp\/v2\/product_brand?post=11210"},{"taxonomy":"product_cat","embeddable":true,"href":"https:\/\/vilex.hu\/en\/wp-json\/wp\/v2\/product_cat?post=11210"},{"taxonomy":"product_tag","embeddable":true,"href":"https:\/\/vilex.hu\/en\/wp-json\/wp\/v2\/product_tag?post=11210"}],"curies":[{"name":"wp","href":"https:\/\/api.w.org\/{rel}","templated":true}]}}