{"id":11273,"date":"2023-03-31T11:45:34","date_gmt":"2023-03-31T11:45:34","guid":{"rendered":"https:\/\/vilex.hu\/?post_type=product&#038;p=11273"},"modified":"2023-03-31T11:46:29","modified_gmt":"2023-03-31T11:46:29","slug":"felerosito-bilincs-20-7-068-f-bilincs","status":"publish","type":"product","link":"https:\/\/vilex.hu\/en\/shop\/elektromoshalozat\/felerosito-elem\/felerosito-bilincs-20-7-068-f-bilincs\/","title":{"rendered":"Feler\u0151s\u00edt\u0151 bilincs 20-7-068\/F bilincs"},"content":{"rendered":"","protected":false},"excerpt":{"rendered":"<p>Feler\u0151s\u00edt\u0151 &#8222;F&#8221; bilincs<\/p>\n<p>V\u00c1T-H 20-7-068<\/p>\n<p>Opus Tit\u00e1sz cikksz\u00e1m : 10000644<\/p>\n<p>Term\u00e9k s\u00falya : 2,085kg<\/p>\n<p>Fel\u00fcletkezel\u00e9s: T\u0171zi horganyz\u00e1s<\/p>","protected":false},"featured_media":10278,"comment_status":"closed","ping_status":"closed","template":"","meta":[],"product_brand":[],"product_cat":[123],"product_tag":[],"class_list":{"0":"post-11273","1":"product","2":"type-product","3":"status-publish","4":"has-post-thumbnail","6":"product_cat-felerosito-elem","8":"first","9":"instock","10":"shipping-taxable","11":"product-type-simple"},"_links":{"self":[{"href":"https:\/\/vilex.hu\/en\/wp-json\/wp\/v2\/product\/11273","targetHints":{"allow":["GET"]}}],"collection":[{"href":"https:\/\/vilex.hu\/en\/wp-json\/wp\/v2\/product"}],"about":[{"href":"https:\/\/vilex.hu\/en\/wp-json\/wp\/v2\/types\/product"}],"replies":[{"embeddable":true,"href":"https:\/\/vilex.hu\/en\/wp-json\/wp\/v2\/comments?post=11273"}],"wp:featuredmedia":[{"embeddable":true,"href":"https:\/\/vilex.hu\/en\/wp-json\/wp\/v2\/media\/10278"}],"wp:attachment":[{"href":"https:\/\/vilex.hu\/en\/wp-json\/wp\/v2\/media?parent=11273"}],"wp:term":[{"taxonomy":"product_brand","embeddable":true,"href":"https:\/\/vilex.hu\/en\/wp-json\/wp\/v2\/product_brand?post=11273"},{"taxonomy":"product_cat","embeddable":true,"href":"https:\/\/vilex.hu\/en\/wp-json\/wp\/v2\/product_cat?post=11273"},{"taxonomy":"product_tag","embeddable":true,"href":"https:\/\/vilex.hu\/en\/wp-json\/wp\/v2\/product_tag?post=11273"}],"curies":[{"name":"wp","href":"https:\/\/api.w.org\/{rel}","templated":true}]}}