{"id":11314,"date":"2023-04-06T08:44:52","date_gmt":"2023-04-06T08:44:52","guid":{"rendered":"https:\/\/vilex.hu\/?post_type=product&#038;p=11314"},"modified":"2023-04-19T09:56:11","modified_gmt":"2023-04-19T09:56:11","slug":"kereszttarto-2-70507-a","status":"publish","type":"product","link":"https:\/\/vilex.hu\/en\/shop\/elektromoshalozat\/kereszttartok\/kereszttarto-2-70507-a\/","title":{"rendered":"Kereszttart\u00f3-2-70507\/A"},"content":{"rendered":"","protected":false},"excerpt":{"rendered":"<p>K\u00e9trendszer\u0171 20kV-os szabadvezet\u00e9k<\/p>\n<p>Kereszttart\u00f3 130\u00b0-80\u00b0 nyomvonalt\u00f6r\u00e9ssz\u00f6g\u0171<\/p>\n<p>V-1850-4550 jel\u0171 oszlopokra<\/p>\n<p>V\u00c1T-H 2-70507\/A<\/p>\n<p>Opus Tit\u00e1sz cikksz\u00e1m: &#8211;<\/p>\n<p>Term\u00e9k s\u00falya : 32,166kg<\/p>\n<p>Fel\u00fcletkezel\u00e9s: T\u0171zi horganyz\u00e1s<\/p>","protected":false},"featured_media":11316,"comment_status":"closed","ping_status":"closed","template":"","meta":[],"product_brand":[],"product_cat":[122],"product_tag":[116],"class_list":{"0":"post-11314","1":"product","2":"type-product","3":"status-publish","4":"has-post-thumbnail","6":"product_cat-kereszttartok","7":"product_tag-kereszttarto","9":"first","10":"instock","11":"shipping-taxable","12":"product-type-simple"},"_links":{"self":[{"href":"https:\/\/vilex.hu\/en\/wp-json\/wp\/v2\/product\/11314","targetHints":{"allow":["GET"]}}],"collection":[{"href":"https:\/\/vilex.hu\/en\/wp-json\/wp\/v2\/product"}],"about":[{"href":"https:\/\/vilex.hu\/en\/wp-json\/wp\/v2\/types\/product"}],"replies":[{"embeddable":true,"href":"https:\/\/vilex.hu\/en\/wp-json\/wp\/v2\/comments?post=11314"}],"wp:featuredmedia":[{"embeddable":true,"href":"https:\/\/vilex.hu\/en\/wp-json\/wp\/v2\/media\/11316"}],"wp:attachment":[{"href":"https:\/\/vilex.hu\/en\/wp-json\/wp\/v2\/media?parent=11314"}],"wp:term":[{"taxonomy":"product_brand","embeddable":true,"href":"https:\/\/vilex.hu\/en\/wp-json\/wp\/v2\/product_brand?post=11314"},{"taxonomy":"product_cat","embeddable":true,"href":"https:\/\/vilex.hu\/en\/wp-json\/wp\/v2\/product_cat?post=11314"},{"taxonomy":"product_tag","embeddable":true,"href":"https:\/\/vilex.hu\/en\/wp-json\/wp\/v2\/product_tag?post=11314"}],"curies":[{"name":"wp","href":"https:\/\/api.w.org\/{rel}","templated":true}]}}