{"id":11326,"date":"2023-04-06T09:39:43","date_gmt":"2023-04-06T09:39:43","guid":{"rendered":"https:\/\/vilex.hu\/?post_type=product&#038;p=11326"},"modified":"2023-04-18T08:43:34","modified_gmt":"2023-04-18T08:43:34","slug":"otr-20-400-3-00014-a-201-es-keszlet","status":"publish","type":"product","link":"https:\/\/vilex.hu\/en\/shop\/elektromoshalozat\/egyeb-termekek\/otr-20-400-3-00014-a-201-es-keszlet\/","title":{"rendered":"OTR 20\/400 3-00014\/A  201-es k\u00e9szlet"},"content":{"rendered":"","protected":false},"excerpt":{"rendered":"<p>OTR 20\/400 tr. \u00e1llom\u00e1s oszlopkapcsol\u00f3 n\u00e9lk\u00fcl<\/p>\n<p>B12-1300-as oszlopon szigetelt kisfesz\u00fclts\u00e9g\u0171 szabadvezet\u00e9k elvezet\u00e9ssel<\/p>\n<p>V\u00c1T-H 3-00014\/A<\/p>\n<p>Opus Tit\u00e1sz cikksz\u00e1m :10002939<\/p>\n<p>K\u00e9szlet s\u00falya : 175,5kg<\/p>\n<p>Fel\u00fcletkezel\u00e9s: T\u0171zi horganyz\u00e1s<\/p>","protected":false},"featured_media":11345,"comment_status":"closed","ping_status":"closed","template":"","meta":[],"product_brand":[],"product_cat":[38],"product_tag":[],"class_list":{"0":"post-11326","1":"product","2":"type-product","3":"status-publish","4":"has-post-thumbnail","6":"product_cat-egyeb-termekek","8":"first","9":"instock","10":"shipping-taxable","11":"product-type-simple"},"_links":{"self":[{"href":"https:\/\/vilex.hu\/en\/wp-json\/wp\/v2\/product\/11326","targetHints":{"allow":["GET"]}}],"collection":[{"href":"https:\/\/vilex.hu\/en\/wp-json\/wp\/v2\/product"}],"about":[{"href":"https:\/\/vilex.hu\/en\/wp-json\/wp\/v2\/types\/product"}],"replies":[{"embeddable":true,"href":"https:\/\/vilex.hu\/en\/wp-json\/wp\/v2\/comments?post=11326"}],"wp:featuredmedia":[{"embeddable":true,"href":"https:\/\/vilex.hu\/en\/wp-json\/wp\/v2\/media\/11345"}],"wp:attachment":[{"href":"https:\/\/vilex.hu\/en\/wp-json\/wp\/v2\/media?parent=11326"}],"wp:term":[{"taxonomy":"product_brand","embeddable":true,"href":"https:\/\/vilex.hu\/en\/wp-json\/wp\/v2\/product_brand?post=11326"},{"taxonomy":"product_cat","embeddable":true,"href":"https:\/\/vilex.hu\/en\/wp-json\/wp\/v2\/product_cat?post=11326"},{"taxonomy":"product_tag","embeddable":true,"href":"https:\/\/vilex.hu\/en\/wp-json\/wp\/v2\/product_tag?post=11326"}],"curies":[{"name":"wp","href":"https:\/\/api.w.org\/{rel}","templated":true}]}}