{"id":11350,"date":"2023-04-19T09:09:03","date_gmt":"2023-04-19T09:09:03","guid":{"rendered":"https:\/\/vilex.hu\/?post_type=product&#038;p=11350"},"modified":"2023-04-19T09:12:32","modified_gmt":"2023-04-19T09:12:32","slug":"trafo-felfogato-bilincs-450mm","status":"publish","type":"product","link":"https:\/\/vilex.hu\/en\/shop\/elektromoshalozat\/felerosito-elem\/trafo-felfogato-bilincs-450mm\/","title":{"rendered":"Traf\u00f3 felfogat\u00f3 bilincs 450mm"},"content":{"rendered":"","protected":false},"excerpt":{"rendered":"<p>Traf\u00f3 felfogat\u00f3 bilincs 450mm<\/p>\n<p>Opus Tit\u00e1sz cikksz\u00e1m : &#8211;<\/p>\n<p>Term\u00e9k s\u00falya : 1,8kg<\/p>\n<p>Fel\u00fcletkezel\u00e9s: T\u0171zi horganyz\u00e1s<\/p>","protected":false},"featured_media":11352,"comment_status":"closed","ping_status":"closed","template":"","meta":[],"product_brand":[],"product_cat":[123],"product_tag":[],"class_list":{"0":"post-11350","1":"product","2":"type-product","3":"status-publish","4":"has-post-thumbnail","6":"product_cat-felerosito-elem","8":"first","9":"instock","10":"shipping-taxable","11":"product-type-simple"},"_links":{"self":[{"href":"https:\/\/vilex.hu\/en\/wp-json\/wp\/v2\/product\/11350","targetHints":{"allow":["GET"]}}],"collection":[{"href":"https:\/\/vilex.hu\/en\/wp-json\/wp\/v2\/product"}],"about":[{"href":"https:\/\/vilex.hu\/en\/wp-json\/wp\/v2\/types\/product"}],"replies":[{"embeddable":true,"href":"https:\/\/vilex.hu\/en\/wp-json\/wp\/v2\/comments?post=11350"}],"wp:featuredmedia":[{"embeddable":true,"href":"https:\/\/vilex.hu\/en\/wp-json\/wp\/v2\/media\/11352"}],"wp:attachment":[{"href":"https:\/\/vilex.hu\/en\/wp-json\/wp\/v2\/media?parent=11350"}],"wp:term":[{"taxonomy":"product_brand","embeddable":true,"href":"https:\/\/vilex.hu\/en\/wp-json\/wp\/v2\/product_brand?post=11350"},{"taxonomy":"product_cat","embeddable":true,"href":"https:\/\/vilex.hu\/en\/wp-json\/wp\/v2\/product_cat?post=11350"},{"taxonomy":"product_tag","embeddable":true,"href":"https:\/\/vilex.hu\/en\/wp-json\/wp\/v2\/product_tag?post=11350"}],"curies":[{"name":"wp","href":"https:\/\/api.w.org\/{rel}","templated":true}]}}