{"id":11359,"date":"2023-04-19T09:33:26","date_gmt":"2023-04-19T09:33:26","guid":{"rendered":"https:\/\/vilex.hu\/?post_type=product&#038;p=11359"},"modified":"2023-04-19T09:56:56","modified_gmt":"2023-04-19T09:56:56","slug":"v2t-jelu-lampakar","status":"publish","type":"product","link":"https:\/\/vilex.hu\/en\/shop\/elektromoshalozat\/lampakarok\/v2t-jelu-lampakar\/","title":{"rendered":"V2T jel\u0171 l\u00e1mpakar"},"content":{"rendered":"","protected":false},"excerpt":{"rendered":"<p>K\u00e9tkar\u00fa D60-D76-D89-es cs\u0151v\u00e9gre ker\u00fcl\u0151 l\u00e1mpakar<\/p>\n<p>200mm &#8211; 500mm &#8211; 1000mm &#8211; 2000mm kiny\u00fal\u00e1ssal rendelhet\u0151.<\/p>\n<p>90\u00b0-os \u00e9s 180\u00b0-os elrendez\u00e9s\u0171<\/p>\n<p>Fel\u00fcletkezel\u00e9s: T\u0171zi horganyz\u00e1s<\/p>","protected":false},"featured_media":11361,"comment_status":"closed","ping_status":"closed","template":"","meta":[],"product_brand":[],"product_cat":[114],"product_tag":[],"class_list":{"0":"post-11359","1":"product","2":"type-product","3":"status-publish","4":"has-post-thumbnail","6":"product_cat-lampakarok","8":"first","9":"instock","10":"featured","11":"shipping-taxable","12":"product-type-simple"},"_links":{"self":[{"href":"https:\/\/vilex.hu\/en\/wp-json\/wp\/v2\/product\/11359","targetHints":{"allow":["GET"]}}],"collection":[{"href":"https:\/\/vilex.hu\/en\/wp-json\/wp\/v2\/product"}],"about":[{"href":"https:\/\/vilex.hu\/en\/wp-json\/wp\/v2\/types\/product"}],"replies":[{"embeddable":true,"href":"https:\/\/vilex.hu\/en\/wp-json\/wp\/v2\/comments?post=11359"}],"wp:featuredmedia":[{"embeddable":true,"href":"https:\/\/vilex.hu\/en\/wp-json\/wp\/v2\/media\/11361"}],"wp:attachment":[{"href":"https:\/\/vilex.hu\/en\/wp-json\/wp\/v2\/media?parent=11359"}],"wp:term":[{"taxonomy":"product_brand","embeddable":true,"href":"https:\/\/vilex.hu\/en\/wp-json\/wp\/v2\/product_brand?post=11359"},{"taxonomy":"product_cat","embeddable":true,"href":"https:\/\/vilex.hu\/en\/wp-json\/wp\/v2\/product_cat?post=11359"},{"taxonomy":"product_tag","embeddable":true,"href":"https:\/\/vilex.hu\/en\/wp-json\/wp\/v2\/product_tag?post=11359"}],"curies":[{"name":"wp","href":"https:\/\/api.w.org\/{rel}","templated":true}]}}