{"id":11366,"date":"2023-04-19T09:50:59","date_gmt":"2023-04-19T09:50:59","guid":{"rendered":"https:\/\/vilex.hu\/?post_type=product&#038;p=11366"},"modified":"2023-04-19T09:57:29","modified_gmt":"2023-04-19T09:57:29","slug":"v4t-jelu-lampakar","status":"publish","type":"product","link":"https:\/\/vilex.hu\/en\/shop\/elektromoshalozat\/lampakarok\/v4t-jelu-lampakar\/","title":{"rendered":"V4T jel\u0171 l\u00e1mpakar"},"content":{"rendered":"","protected":false},"excerpt":{"rendered":"<p>N\u00e9gykar\u00fa D60-D76-D89-es cs\u0151v\u00e9gre ker\u00fcl\u0151 l\u00e1mpakar<\/p>\n<p>200mm &#8211; 500mm &#8211; 1000mm &#8211; 2000mm kiny\u00fal\u00e1ssal rendelhet\u0151.<\/p>\n<p>90\u00b0-os elrendez\u00e9s\u0171<\/p>\n<p>Fel\u00fcletkezel\u00e9s: T\u0171zi horganyz\u00e1s<\/p>","protected":false},"featured_media":11368,"comment_status":"closed","ping_status":"closed","template":"","meta":[],"product_brand":[],"product_cat":[114],"product_tag":[],"class_list":{"0":"post-11366","1":"product","2":"type-product","3":"status-publish","4":"has-post-thumbnail","6":"product_cat-lampakarok","8":"first","9":"instock","10":"featured","11":"shipping-taxable","12":"product-type-simple"},"_links":{"self":[{"href":"https:\/\/vilex.hu\/en\/wp-json\/wp\/v2\/product\/11366","targetHints":{"allow":["GET"]}}],"collection":[{"href":"https:\/\/vilex.hu\/en\/wp-json\/wp\/v2\/product"}],"about":[{"href":"https:\/\/vilex.hu\/en\/wp-json\/wp\/v2\/types\/product"}],"replies":[{"embeddable":true,"href":"https:\/\/vilex.hu\/en\/wp-json\/wp\/v2\/comments?post=11366"}],"wp:featuredmedia":[{"embeddable":true,"href":"https:\/\/vilex.hu\/en\/wp-json\/wp\/v2\/media\/11368"}],"wp:attachment":[{"href":"https:\/\/vilex.hu\/en\/wp-json\/wp\/v2\/media?parent=11366"}],"wp:term":[{"taxonomy":"product_brand","embeddable":true,"href":"https:\/\/vilex.hu\/en\/wp-json\/wp\/v2\/product_brand?post=11366"},{"taxonomy":"product_cat","embeddable":true,"href":"https:\/\/vilex.hu\/en\/wp-json\/wp\/v2\/product_cat?post=11366"},{"taxonomy":"product_tag","embeddable":true,"href":"https:\/\/vilex.hu\/en\/wp-json\/wp\/v2\/product_tag?post=11366"}],"curies":[{"name":"wp","href":"https:\/\/api.w.org\/{rel}","templated":true}]}}