{"id":11387,"date":"2023-04-20T06:28:44","date_gmt":"2023-04-20T06:28:44","guid":{"rendered":"https:\/\/vilex.hu\/?post_type=product&#038;p=11387"},"modified":"2023-04-20T06:31:40","modified_gmt":"2023-04-20T06:31:40","slug":"felerosito-bilincs-30-7-064-c","status":"publish","type":"product","link":"https:\/\/vilex.hu\/en\/shop\/elektromoshalozat\/felerosito-elem\/felerosito-bilincs-30-7-064-c\/","title":{"rendered":"Feler\u0151s\u00edt\u0151 bilincs 30-7-064\/C"},"content":{"rendered":"","protected":false},"excerpt":{"rendered":"<p>20\/0,4 kV-os modul\u00e1ris oszloptranszform\u00e1tor-\u00e1llom\u00e1sok<\/p>\n<p>M16-os feler\u0151s\u00edt\u0151 bilincs<\/p>\n<p>Opus Tit\u00e1sz cikksz\u00e1m : 10002965<\/p>\n<p>Term\u00e9k s\u00falya : 2,66kg<\/p>\n<p>Fel\u00fcletkezel\u00e9s: T\u0171zi horganyz\u00e1s<\/p>","protected":false},"featured_media":11389,"comment_status":"closed","ping_status":"closed","template":"","meta":[],"product_brand":[],"product_cat":[123],"product_tag":[],"class_list":{"0":"post-11387","1":"product","2":"type-product","3":"status-publish","4":"has-post-thumbnail","6":"product_cat-felerosito-elem","8":"first","9":"instock","10":"shipping-taxable","11":"product-type-simple"},"_links":{"self":[{"href":"https:\/\/vilex.hu\/en\/wp-json\/wp\/v2\/product\/11387","targetHints":{"allow":["GET"]}}],"collection":[{"href":"https:\/\/vilex.hu\/en\/wp-json\/wp\/v2\/product"}],"about":[{"href":"https:\/\/vilex.hu\/en\/wp-json\/wp\/v2\/types\/product"}],"replies":[{"embeddable":true,"href":"https:\/\/vilex.hu\/en\/wp-json\/wp\/v2\/comments?post=11387"}],"wp:featuredmedia":[{"embeddable":true,"href":"https:\/\/vilex.hu\/en\/wp-json\/wp\/v2\/media\/11389"}],"wp:attachment":[{"href":"https:\/\/vilex.hu\/en\/wp-json\/wp\/v2\/media?parent=11387"}],"wp:term":[{"taxonomy":"product_brand","embeddable":true,"href":"https:\/\/vilex.hu\/en\/wp-json\/wp\/v2\/product_brand?post=11387"},{"taxonomy":"product_cat","embeddable":true,"href":"https:\/\/vilex.hu\/en\/wp-json\/wp\/v2\/product_cat?post=11387"},{"taxonomy":"product_tag","embeddable":true,"href":"https:\/\/vilex.hu\/en\/wp-json\/wp\/v2\/product_tag?post=11387"}],"curies":[{"name":"wp","href":"https:\/\/api.w.org\/{rel}","templated":true}]}}