{"id":11390,"date":"2023-04-20T08:18:33","date_gmt":"2023-04-20T08:18:33","guid":{"rendered":"https:\/\/vilex.hu\/?post_type=product&#038;p=11390"},"modified":"2023-04-20T08:22:39","modified_gmt":"2023-04-20T08:22:39","slug":"terelokar-4db-os-b-12-2700","status":"publish","type":"product","link":"https:\/\/vilex.hu\/en\/shop\/elektromoshalozat\/egyeb-termekek\/terelokar-4db-os-b-12-2700\/","title":{"rendered":"Terel\u0151kar, 4db-os, B-12-2700"},"content":{"rendered":"","protected":false},"excerpt":{"rendered":"<p>BPF-12-27000 &#8211; Port\u00e1l fesz\u00edt\u0151oszlop TMOK ac\u00e9lszerkezetei<\/p>\n<p>Terel\u0151kar &#8211; Sectos \u00e9s PM6<\/p>\n<p>Opus Tit\u00e1sz cikksz\u00e1m : &#8211;<\/p>\n<p>Term\u00e9k s\u00falya :<\/p>\n<p>Fel\u00fcletkezel\u00e9s: T\u0171zi horganyz\u00e1s<\/p>","protected":false},"featured_media":11392,"comment_status":"closed","ping_status":"closed","template":"","meta":[],"product_brand":[],"product_cat":[38],"product_tag":[],"class_list":{"0":"post-11390","1":"product","2":"type-product","3":"status-publish","4":"has-post-thumbnail","6":"product_cat-egyeb-termekek","8":"first","9":"instock","10":"shipping-taxable","11":"product-type-simple"},"_links":{"self":[{"href":"https:\/\/vilex.hu\/en\/wp-json\/wp\/v2\/product\/11390","targetHints":{"allow":["GET"]}}],"collection":[{"href":"https:\/\/vilex.hu\/en\/wp-json\/wp\/v2\/product"}],"about":[{"href":"https:\/\/vilex.hu\/en\/wp-json\/wp\/v2\/types\/product"}],"replies":[{"embeddable":true,"href":"https:\/\/vilex.hu\/en\/wp-json\/wp\/v2\/comments?post=11390"}],"wp:featuredmedia":[{"embeddable":true,"href":"https:\/\/vilex.hu\/en\/wp-json\/wp\/v2\/media\/11392"}],"wp:attachment":[{"href":"https:\/\/vilex.hu\/en\/wp-json\/wp\/v2\/media?parent=11390"}],"wp:term":[{"taxonomy":"product_brand","embeddable":true,"href":"https:\/\/vilex.hu\/en\/wp-json\/wp\/v2\/product_brand?post=11390"},{"taxonomy":"product_cat","embeddable":true,"href":"https:\/\/vilex.hu\/en\/wp-json\/wp\/v2\/product_cat?post=11390"},{"taxonomy":"product_tag","embeddable":true,"href":"https:\/\/vilex.hu\/en\/wp-json\/wp\/v2\/product_tag?post=11390"}],"curies":[{"name":"wp","href":"https:\/\/api.w.org\/{rel}","templated":true}]}}