{"id":11419,"date":"2023-04-24T07:15:07","date_gmt":"2023-04-24T07:15:07","guid":{"rendered":"https:\/\/vilex.hu\/?post_type=product&#038;p=11419"},"modified":"2023-05-02T11:50:04","modified_gmt":"2023-05-02T11:50:04","slug":"csotarto-1230mm-felerosito-bilincs","status":"publish","type":"product","link":"https:\/\/vilex.hu\/en\/shop\/elektromoshalozat\/egyeb-termekek\/csotarto-1230mm-felerosito-bilincs\/","title":{"rendered":"Cs\u0151tart\u00f3 1230mm + feler\u0151s\u00edt\u0151 + bilincs"},"content":{"rendered":"","protected":false},"excerpt":{"rendered":"<p>Cs\u0151tart\u00f3 1230 mm feler\u0151s\u00edt\u0151vel \u00e9s bilincsekkel<\/p>\n<p>Opus Tit\u00e1sz cikksz\u00e1m : 10000629<\/p>\n<p>Term\u00e9k s\u00falya : 9,68kg<\/p>\n<p>Fel\u00fcletkezel\u00e9s: T\u0171zi horganyz\u00e1s<\/p>","protected":false},"featured_media":11421,"comment_status":"closed","ping_status":"closed","template":"","meta":[],"product_brand":[],"product_cat":[38],"product_tag":[],"class_list":{"0":"post-11419","1":"product","2":"type-product","3":"status-publish","4":"has-post-thumbnail","6":"product_cat-egyeb-termekek","8":"first","9":"instock","10":"shipping-taxable","11":"product-type-simple"},"_links":{"self":[{"href":"https:\/\/vilex.hu\/en\/wp-json\/wp\/v2\/product\/11419","targetHints":{"allow":["GET"]}}],"collection":[{"href":"https:\/\/vilex.hu\/en\/wp-json\/wp\/v2\/product"}],"about":[{"href":"https:\/\/vilex.hu\/en\/wp-json\/wp\/v2\/types\/product"}],"replies":[{"embeddable":true,"href":"https:\/\/vilex.hu\/en\/wp-json\/wp\/v2\/comments?post=11419"}],"wp:featuredmedia":[{"embeddable":true,"href":"https:\/\/vilex.hu\/en\/wp-json\/wp\/v2\/media\/11421"}],"wp:attachment":[{"href":"https:\/\/vilex.hu\/en\/wp-json\/wp\/v2\/media?parent=11419"}],"wp:term":[{"taxonomy":"product_brand","embeddable":true,"href":"https:\/\/vilex.hu\/en\/wp-json\/wp\/v2\/product_brand?post=11419"},{"taxonomy":"product_cat","embeddable":true,"href":"https:\/\/vilex.hu\/en\/wp-json\/wp\/v2\/product_cat?post=11419"},{"taxonomy":"product_tag","embeddable":true,"href":"https:\/\/vilex.hu\/en\/wp-json\/wp\/v2\/product_tag?post=11419"}],"curies":[{"name":"wp","href":"https:\/\/api.w.org\/{rel}","templated":true}]}}