{"id":11456,"date":"2023-05-16T08:33:47","date_gmt":"2023-05-16T08:33:47","guid":{"rendered":"https:\/\/vilex.hu\/?post_type=product&#038;p=11456"},"modified":"2023-05-16T08:35:45","modified_gmt":"2023-05-16T08:35:45","slug":"felerosito-vas-hajtas-v12-4550-oszlopra","status":"publish","type":"product","link":"https:\/\/vilex.hu\/en\/shop\/elektromoshalozat\/felerosito-elem\/felerosito-vas-hajtas-v12-4550-oszlopra\/","title":{"rendered":"Feler\u0151s\u00edt\u0151 vas, HAJT\u00c1S, V12-4550 oszlopra"},"content":{"rendered":"","protected":false},"excerpt":{"rendered":"<p>V12-4550 vasoszlop TMOK ac\u00e9lszerkezetei<\/p>\n<p>Univerz\u00e1lis hajt\u00e1s vas, SECTOS \u00e9s PM6<\/p>\n<p>Opus Tit\u00e1sz cikksz\u00e1m : 10002111<\/p>\n<p>Term\u00e9k s\u00falya : 7,96kg<\/p>\n<p>Fel\u00fcletkezel\u00e9s: T\u0171zi horganyz\u00e1s<\/p>","protected":false},"featured_media":11459,"comment_status":"closed","ping_status":"closed","template":"","meta":[],"product_brand":[],"product_cat":[123],"product_tag":[],"class_list":{"0":"post-11456","1":"product","2":"type-product","3":"status-publish","4":"has-post-thumbnail","6":"product_cat-felerosito-elem","8":"first","9":"instock","10":"shipping-taxable","11":"product-type-simple"},"_links":{"self":[{"href":"https:\/\/vilex.hu\/en\/wp-json\/wp\/v2\/product\/11456","targetHints":{"allow":["GET"]}}],"collection":[{"href":"https:\/\/vilex.hu\/en\/wp-json\/wp\/v2\/product"}],"about":[{"href":"https:\/\/vilex.hu\/en\/wp-json\/wp\/v2\/types\/product"}],"replies":[{"embeddable":true,"href":"https:\/\/vilex.hu\/en\/wp-json\/wp\/v2\/comments?post=11456"}],"wp:featuredmedia":[{"embeddable":true,"href":"https:\/\/vilex.hu\/en\/wp-json\/wp\/v2\/media\/11459"}],"wp:attachment":[{"href":"https:\/\/vilex.hu\/en\/wp-json\/wp\/v2\/media?parent=11456"}],"wp:term":[{"taxonomy":"product_brand","embeddable":true,"href":"https:\/\/vilex.hu\/en\/wp-json\/wp\/v2\/product_brand?post=11456"},{"taxonomy":"product_cat","embeddable":true,"href":"https:\/\/vilex.hu\/en\/wp-json\/wp\/v2\/product_cat?post=11456"},{"taxonomy":"product_tag","embeddable":true,"href":"https:\/\/vilex.hu\/en\/wp-json\/wp\/v2\/product_tag?post=11456"}],"curies":[{"name":"wp","href":"https:\/\/api.w.org\/{rel}","templated":true}]}}