{"id":11464,"date":"2023-05-17T11:05:24","date_gmt":"2023-05-17T11:05:24","guid":{"rendered":"https:\/\/vilex.hu\/?post_type=product&#038;p=11464"},"modified":"2023-05-17T11:14:01","modified_gmt":"2023-05-17T11:14:01","slug":"felmaszasgatlo-b10-1300-b12100-oszlopra","status":"publish","type":"product","link":"https:\/\/vilex.hu\/en\/shop\/elektromoshalozat\/egyeb-termekek\/felmaszasgatlo-b10-1300-b12100-oszlopra\/","title":{"rendered":"Felm\u00e1sz\u00e1sg\u00e1tl\u00f3 B10-1300, B12-1300 oszlopra"},"content":{"rendered":"","protected":false},"excerpt":{"rendered":"<p>Felm\u00e1sz\u00e1sg\u00e1tl\u00f3 \u00e1tt\u00f6rt gerinc\u0171 betonoszlopra<\/p>\n<p>B10-1300, B12-1300 oszlopra<\/p>\n<p>Opus Tit\u00e1sz cikksz\u00e1m : 10003046<\/p>\n<p>Term\u00e9k s\u00falya : 10,45kg<\/p>\n<p>Fel\u00fcletkezel\u00e9s: T\u0171zi horganyz\u00e1s<\/p>","protected":false},"featured_media":11466,"comment_status":"closed","ping_status":"closed","template":"","meta":[],"product_brand":[],"product_cat":[38],"product_tag":[],"class_list":{"0":"post-11464","1":"product","2":"type-product","3":"status-publish","4":"has-post-thumbnail","6":"product_cat-egyeb-termekek","8":"first","9":"instock","10":"shipping-taxable","11":"product-type-simple"},"_links":{"self":[{"href":"https:\/\/vilex.hu\/en\/wp-json\/wp\/v2\/product\/11464","targetHints":{"allow":["GET"]}}],"collection":[{"href":"https:\/\/vilex.hu\/en\/wp-json\/wp\/v2\/product"}],"about":[{"href":"https:\/\/vilex.hu\/en\/wp-json\/wp\/v2\/types\/product"}],"replies":[{"embeddable":true,"href":"https:\/\/vilex.hu\/en\/wp-json\/wp\/v2\/comments?post=11464"}],"wp:featuredmedia":[{"embeddable":true,"href":"https:\/\/vilex.hu\/en\/wp-json\/wp\/v2\/media\/11466"}],"wp:attachment":[{"href":"https:\/\/vilex.hu\/en\/wp-json\/wp\/v2\/media?parent=11464"}],"wp:term":[{"taxonomy":"product_brand","embeddable":true,"href":"https:\/\/vilex.hu\/en\/wp-json\/wp\/v2\/product_brand?post=11464"},{"taxonomy":"product_cat","embeddable":true,"href":"https:\/\/vilex.hu\/en\/wp-json\/wp\/v2\/product_cat?post=11464"},{"taxonomy":"product_tag","embeddable":true,"href":"https:\/\/vilex.hu\/en\/wp-json\/wp\/v2\/product_tag?post=11464"}],"curies":[{"name":"wp","href":"https:\/\/api.w.org\/{rel}","templated":true}]}}