{"id":11473,"date":"2023-05-17T11:51:32","date_gmt":"2023-05-17T11:51:32","guid":{"rendered":"https:\/\/vilex.hu\/?post_type=product&#038;p=11473"},"modified":"2023-05-17T11:54:30","modified_gmt":"2023-05-17T11:54:30","slug":"felmaszasgatlo-bo10-400-bo12-400-oszlopra","status":"publish","type":"product","link":"https:\/\/vilex.hu\/en\/shop\/elektromoshalozat\/egyeb-termekek\/felmaszasgatlo-bo10-400-bo12-400-oszlopra\/","title":{"rendered":"Felm\u00e1sz\u00e1sg\u00e1tl\u00f3 Bo10-400, Bo12-400 oszlopra"},"content":{"rendered":"","protected":false},"excerpt":{"rendered":"<p>Felm\u00e1sz\u00e1sg\u00e1tl\u00f3 k\u00f6r keresztmetszet\u0171 oszlopra<\/p>\n<p>Bo10-400, Bo12-400 oszlopra<\/p>\n<p>Opus Tit\u00e1sz cikksz\u00e1m : 10002645<\/p>\n<p>Term\u00e9k s\u00falya :\u00a0 10,15kg<\/p>\n<p>Fel\u00fcletkezel\u00e9s: T\u0171zi horganyz\u00e1s<\/p>","protected":false},"featured_media":11476,"comment_status":"closed","ping_status":"closed","template":"","meta":[],"product_brand":[],"product_cat":[38],"product_tag":[],"class_list":{"0":"post-11473","1":"product","2":"type-product","3":"status-publish","4":"has-post-thumbnail","6":"product_cat-egyeb-termekek","8":"first","9":"instock","10":"shipping-taxable","11":"product-type-simple"},"_links":{"self":[{"href":"https:\/\/vilex.hu\/en\/wp-json\/wp\/v2\/product\/11473","targetHints":{"allow":["GET"]}}],"collection":[{"href":"https:\/\/vilex.hu\/en\/wp-json\/wp\/v2\/product"}],"about":[{"href":"https:\/\/vilex.hu\/en\/wp-json\/wp\/v2\/types\/product"}],"replies":[{"embeddable":true,"href":"https:\/\/vilex.hu\/en\/wp-json\/wp\/v2\/comments?post=11473"}],"wp:featuredmedia":[{"embeddable":true,"href":"https:\/\/vilex.hu\/en\/wp-json\/wp\/v2\/media\/11476"}],"wp:attachment":[{"href":"https:\/\/vilex.hu\/en\/wp-json\/wp\/v2\/media?parent=11473"}],"wp:term":[{"taxonomy":"product_brand","embeddable":true,"href":"https:\/\/vilex.hu\/en\/wp-json\/wp\/v2\/product_brand?post=11473"},{"taxonomy":"product_cat","embeddable":true,"href":"https:\/\/vilex.hu\/en\/wp-json\/wp\/v2\/product_cat?post=11473"},{"taxonomy":"product_tag","embeddable":true,"href":"https:\/\/vilex.hu\/en\/wp-json\/wp\/v2\/product_tag?post=11473"}],"curies":[{"name":"wp","href":"https:\/\/api.w.org\/{rel}","templated":true}]}}