{"id":11493,"date":"2023-05-23T08:57:15","date_gmt":"2023-05-23T08:57:15","guid":{"rendered":"https:\/\/vilex.hu\/?post_type=product&#038;p=11493"},"modified":"2023-05-23T08:59:56","modified_gmt":"2023-05-23T08:59:56","slug":"szorito-bilincs-4-30027","status":"publish","type":"product","link":"https:\/\/vilex.hu\/en\/shop\/elektromoshalozat\/felerosito-elem\/szorito-bilincs-4-30027\/","title":{"rendered":"Szor\u00edt\u00f3 bilincs 4-30027"},"content":{"rendered":"","protected":false},"excerpt":{"rendered":"<p>Kisfesz\u00fclts\u00e9g\u0171 szabadvezet\u00e9k h\u00e1l\u00f3zat<\/p>\n<p>Kereszttart\u00f3t feler\u0151s\u00edt\u0151 vasszerkezet<\/p>\n<p>FB-jel\u0171 saroktart\u00f3 oszlopokhoz<\/p>\n<p>Opus Tit\u00e1sz cikksz\u00e1m : 10000611<\/p>\n<p>Term\u00e9k s\u00falya : 1,52kg<\/p>\n<p>Fel\u00fcletkezel\u00e9s: T\u0171zi horganyz\u00e1s<\/p>","protected":false},"featured_media":11495,"comment_status":"closed","ping_status":"closed","template":"","meta":[],"product_brand":[],"product_cat":[123],"product_tag":[],"class_list":{"0":"post-11493","1":"product","2":"type-product","3":"status-publish","4":"has-post-thumbnail","6":"product_cat-felerosito-elem","8":"first","9":"instock","10":"shipping-taxable","11":"product-type-simple"},"_links":{"self":[{"href":"https:\/\/vilex.hu\/en\/wp-json\/wp\/v2\/product\/11493","targetHints":{"allow":["GET"]}}],"collection":[{"href":"https:\/\/vilex.hu\/en\/wp-json\/wp\/v2\/product"}],"about":[{"href":"https:\/\/vilex.hu\/en\/wp-json\/wp\/v2\/types\/product"}],"replies":[{"embeddable":true,"href":"https:\/\/vilex.hu\/en\/wp-json\/wp\/v2\/comments?post=11493"}],"wp:featuredmedia":[{"embeddable":true,"href":"https:\/\/vilex.hu\/en\/wp-json\/wp\/v2\/media\/11495"}],"wp:attachment":[{"href":"https:\/\/vilex.hu\/en\/wp-json\/wp\/v2\/media?parent=11493"}],"wp:term":[{"taxonomy":"product_brand","embeddable":true,"href":"https:\/\/vilex.hu\/en\/wp-json\/wp\/v2\/product_brand?post=11493"},{"taxonomy":"product_cat","embeddable":true,"href":"https:\/\/vilex.hu\/en\/wp-json\/wp\/v2\/product_cat?post=11493"},{"taxonomy":"product_tag","embeddable":true,"href":"https:\/\/vilex.hu\/en\/wp-json\/wp\/v2\/product_tag?post=11493"}],"curies":[{"name":"wp","href":"https:\/\/api.w.org\/{rel}","templated":true}]}}