{"id":11504,"date":"2023-06-01T08:44:51","date_gmt":"2023-06-01T08:44:51","guid":{"rendered":"https:\/\/vilex.hu\/?post_type=product&#038;p=11504"},"modified":"2023-06-01T08:47:55","modified_gmt":"2023-06-01T08:47:55","slug":"vedocsotarto-szerkezet-b12-4-jelu-oszlopra","status":"publish","type":"product","link":"https:\/\/vilex.hu\/en\/shop\/elektromoshalozat\/egyeb-termekek\/vedocsotarto-szerkezet-b12-4-jelu-oszlopra\/","title":{"rendered":"V\u00e9d\u0151cs\u0151tart\u00f3 szerkezet B12\/4 jel\u0171 oszlopra"},"content":{"rendered":"","protected":false},"excerpt":{"rendered":"<p>V\u00e9d\u0151cs\u0151tart\u00f3 szerkezet B12\/4 jel\u0171 oszlopra<\/p>\n<p>20\/0,4kV-os modul\u00e1ris oszloptranszform\u00e1tor-\u00e1llom\u00e1sok<\/p>\n<p>V\u00c1T-H : 30-7-204<\/p>\n<p>Opus Tit\u00e1sz cikksz\u00e1m : 10001870<\/p>\n<p>Term\u00e9k s\u00falya :\u00a0 11,7kg<\/p>\n<p>Fel\u00fcletkezel\u00e9s: T\u0171zi horganyz\u00e1s<\/p>","protected":false},"featured_media":11506,"comment_status":"closed","ping_status":"closed","template":"","meta":[],"product_brand":[],"product_cat":[38],"product_tag":[],"class_list":{"0":"post-11504","1":"product","2":"type-product","3":"status-publish","4":"has-post-thumbnail","6":"product_cat-egyeb-termekek","8":"first","9":"instock","10":"shipping-taxable","11":"product-type-simple"},"_links":{"self":[{"href":"https:\/\/vilex.hu\/en\/wp-json\/wp\/v2\/product\/11504","targetHints":{"allow":["GET"]}}],"collection":[{"href":"https:\/\/vilex.hu\/en\/wp-json\/wp\/v2\/product"}],"about":[{"href":"https:\/\/vilex.hu\/en\/wp-json\/wp\/v2\/types\/product"}],"replies":[{"embeddable":true,"href":"https:\/\/vilex.hu\/en\/wp-json\/wp\/v2\/comments?post=11504"}],"wp:featuredmedia":[{"embeddable":true,"href":"https:\/\/vilex.hu\/en\/wp-json\/wp\/v2\/media\/11506"}],"wp:attachment":[{"href":"https:\/\/vilex.hu\/en\/wp-json\/wp\/v2\/media?parent=11504"}],"wp:term":[{"taxonomy":"product_brand","embeddable":true,"href":"https:\/\/vilex.hu\/en\/wp-json\/wp\/v2\/product_brand?post=11504"},{"taxonomy":"product_cat","embeddable":true,"href":"https:\/\/vilex.hu\/en\/wp-json\/wp\/v2\/product_cat?post=11504"},{"taxonomy":"product_tag","embeddable":true,"href":"https:\/\/vilex.hu\/en\/wp-json\/wp\/v2\/product_tag?post=11504"}],"curies":[{"name":"wp","href":"https:\/\/api.w.org\/{rel}","templated":true}]}}