{"id":11513,"date":"2023-06-01T12:22:12","date_gmt":"2023-06-01T12:22:12","guid":{"rendered":"https:\/\/vilex.hu\/?post_type=product&#038;p=11513"},"modified":"2023-06-01T12:24:35","modified_gmt":"2023-06-01T12:24:35","slug":"tereloszigetelo-tarto","status":"publish","type":"product","link":"https:\/\/vilex.hu\/en\/shop\/elektromoshalozat\/egyeb-termekek\/tereloszigetelo-tarto\/","title":{"rendered":"Terel\u0151szigetel\u0151 tart\u00f3"},"content":{"rendered":"","protected":false},"excerpt":{"rendered":"<p>Terel\u0151szigetel\u0151- \u00e9s OK tart\u00f3, valamint hajt\u00e1s feler\u0151s\u00edt\u0151<\/p>\n<p>B-jel\u0171 oszlopra<\/p>\n<p>V\u00c1T-H : 21-7-012<\/p>\n<p>Opus Tit\u00e1sz cikksz\u00e1m : 10003121<\/p>\n<p>Term\u00e9k s\u00falya :\u00a0 6,52kg<\/p>\n<p>Fel\u00fcletkezel\u00e9s: T\u0171zi horganyz\u00e1s<\/p>","protected":false},"featured_media":11515,"comment_status":"closed","ping_status":"closed","template":"","meta":[],"product_brand":[],"product_cat":[38],"product_tag":[],"class_list":{"0":"post-11513","1":"product","2":"type-product","3":"status-publish","4":"has-post-thumbnail","6":"product_cat-egyeb-termekek","8":"first","9":"instock","10":"shipping-taxable","11":"product-type-simple"},"_links":{"self":[{"href":"https:\/\/vilex.hu\/en\/wp-json\/wp\/v2\/product\/11513","targetHints":{"allow":["GET"]}}],"collection":[{"href":"https:\/\/vilex.hu\/en\/wp-json\/wp\/v2\/product"}],"about":[{"href":"https:\/\/vilex.hu\/en\/wp-json\/wp\/v2\/types\/product"}],"replies":[{"embeddable":true,"href":"https:\/\/vilex.hu\/en\/wp-json\/wp\/v2\/comments?post=11513"}],"wp:featuredmedia":[{"embeddable":true,"href":"https:\/\/vilex.hu\/en\/wp-json\/wp\/v2\/media\/11515"}],"wp:attachment":[{"href":"https:\/\/vilex.hu\/en\/wp-json\/wp\/v2\/media?parent=11513"}],"wp:term":[{"taxonomy":"product_brand","embeddable":true,"href":"https:\/\/vilex.hu\/en\/wp-json\/wp\/v2\/product_brand?post=11513"},{"taxonomy":"product_cat","embeddable":true,"href":"https:\/\/vilex.hu\/en\/wp-json\/wp\/v2\/product_cat?post=11513"},{"taxonomy":"product_tag","embeddable":true,"href":"https:\/\/vilex.hu\/en\/wp-json\/wp\/v2\/product_tag?post=11513"}],"curies":[{"name":"wp","href":"https:\/\/api.w.org\/{rel}","templated":true}]}}