{"id":11684,"date":"2024-03-04T10:50:19","date_gmt":"2024-03-04T10:50:19","guid":{"rendered":"https:\/\/vilex.hu\/?post_type=product&#038;p=11684"},"modified":"2025-04-12T16:21:39","modified_gmt":"2025-04-12T16:21:39","slug":"epulet-acel-vazszerkezet","status":"publish","type":"product","link":"https:\/\/vilex.hu\/en\/shop\/acelszerkezetuepulet\/epulet-acel-vazszerkezet\/","title":{"rendered":"\u00c9p\u00fclet ac\u00e9l v\u00e1zszerkezet"},"content":{"rendered":"<p>Az \u00e9p\u00fclet alapoz\u00e1s\u00e1t k\u00f6vet\u0151en a helysz\u00ednen szerelt\u00fck \u00f6ssze a tart\u00f3szerkezetet \u00e9s cserepes lemezzel fett\u00fck.<\/p>\n<p>A szerkezet fel\u00fclet\u00e9t alapoz\u00e1s ut\u00e1n t\u0171zg\u00e1tl\u00f3 fest\u00e9kkel vontuk be.<\/p>\n<p>&nbsp;<\/p>","protected":false},"excerpt":{"rendered":"<p><strong>A k\u00f6z\u00f6ss\u00e9gi \u00e9p\u00fclet ac\u00e9l v\u00e1zszerkez\u00e9t megtervezt\u00fck, majd m\u0171hely\u00fcnkben k\u00e9szre gy\u00e1rtottuk.<\/strong><\/p>","protected":false},"featured_media":11685,"comment_status":"open","ping_status":"closed","template":"","meta":[],"product_brand":[],"product_cat":[132],"product_tag":[],"class_list":{"0":"post-11684","1":"product","2":"type-product","3":"status-publish","4":"has-post-thumbnail","6":"product_cat-acelszerkezetuepulet","8":"first","9":"instock","10":"shipping-taxable","11":"product-type-simple"},"_links":{"self":[{"href":"https:\/\/vilex.hu\/en\/wp-json\/wp\/v2\/product\/11684","targetHints":{"allow":["GET"]}}],"collection":[{"href":"https:\/\/vilex.hu\/en\/wp-json\/wp\/v2\/product"}],"about":[{"href":"https:\/\/vilex.hu\/en\/wp-json\/wp\/v2\/types\/product"}],"replies":[{"embeddable":true,"href":"https:\/\/vilex.hu\/en\/wp-json\/wp\/v2\/comments?post=11684"}],"wp:featuredmedia":[{"embeddable":true,"href":"https:\/\/vilex.hu\/en\/wp-json\/wp\/v2\/media\/11685"}],"wp:attachment":[{"href":"https:\/\/vilex.hu\/en\/wp-json\/wp\/v2\/media?parent=11684"}],"wp:term":[{"taxonomy":"product_brand","embeddable":true,"href":"https:\/\/vilex.hu\/en\/wp-json\/wp\/v2\/product_brand?post=11684"},{"taxonomy":"product_cat","embeddable":true,"href":"https:\/\/vilex.hu\/en\/wp-json\/wp\/v2\/product_cat?post=11684"},{"taxonomy":"product_tag","embeddable":true,"href":"https:\/\/vilex.hu\/en\/wp-json\/wp\/v2\/product_tag?post=11684"}],"curies":[{"name":"wp","href":"https:\/\/api.w.org\/{rel}","templated":true}]}}