{"id":11694,"date":"2024-03-04T13:16:56","date_gmt":"2024-03-04T13:16:56","guid":{"rendered":"https:\/\/vilex.hu\/?post_type=product&#038;p=11694"},"modified":"2025-06-12T01:40:16","modified_gmt":"2025-06-12T01:40:16","slug":"baromfi-szallitokontener-emelo-villa","status":"publish","type":"product","link":"https:\/\/vilex.hu\/en\/shop\/epitoipari-es-mezogazdasagi-gep-alkatreszek\/baromfi-szallitokontener-emelo-villa\/","title":{"rendered":"Baromfi sz\u00e1ll\u00edt\u00f3kont\u00e9ner emel\u0151 villa"},"content":{"rendered":"<p>Baromfi sz\u00e1ll\u00edt\u00f3kont\u00e9ner emel\u0151 villa.<\/p>\n<p>&#8211; Az emel\u0151 szerkezetet k\u00fcl\u00f6nb\u00f6z\u0151 rakod\u00f3g\u00e9pekhez gy\u00e1rtjuk.(Manitou, JCB, Weidemann, CAT, Merlo)<\/p>\n<p>A csatlakoz\u00f3 r\u00e9sz\u00e9t a g\u00e9pek adapter\u00e9hez igaz\u00edtjuk.<\/p>","protected":false},"excerpt":{"rendered":"<p>Baromfi sz\u00e1ll\u00edt\u00f3kont\u00e9ner emel\u0151 villa. &#8211; Az emel\u0151 szerkezetet k\u00fcl\u00f6nb\u00f6z\u0151 rakod\u00f3g\u00e9pekhez gy\u00e1rtjuk.(Manitou, JCB, Weidemann, CAT, Merlo) A csatlakoz\u00f3 r\u00e9sz\u00e9t a g\u00e9pek adapter\u00e9hez igaz\u00edtjuk.<\/p>","protected":false},"featured_media":11692,"comment_status":"open","ping_status":"closed","template":"","meta":[],"product_brand":[],"product_cat":[131],"product_tag":[],"class_list":{"0":"post-11694","1":"product","2":"type-product","3":"status-publish","4":"has-post-thumbnail","6":"product_cat-epitoipari-es-mezogazdasagi-gep-alkatreszek","8":"first","9":"instock","10":"shipping-taxable","11":"product-type-simple"},"_links":{"self":[{"href":"https:\/\/vilex.hu\/en\/wp-json\/wp\/v2\/product\/11694","targetHints":{"allow":["GET"]}}],"collection":[{"href":"https:\/\/vilex.hu\/en\/wp-json\/wp\/v2\/product"}],"about":[{"href":"https:\/\/vilex.hu\/en\/wp-json\/wp\/v2\/types\/product"}],"replies":[{"embeddable":true,"href":"https:\/\/vilex.hu\/en\/wp-json\/wp\/v2\/comments?post=11694"}],"wp:featuredmedia":[{"embeddable":true,"href":"https:\/\/vilex.hu\/en\/wp-json\/wp\/v2\/media\/11692"}],"wp:attachment":[{"href":"https:\/\/vilex.hu\/en\/wp-json\/wp\/v2\/media?parent=11694"}],"wp:term":[{"taxonomy":"product_brand","embeddable":true,"href":"https:\/\/vilex.hu\/en\/wp-json\/wp\/v2\/product_brand?post=11694"},{"taxonomy":"product_cat","embeddable":true,"href":"https:\/\/vilex.hu\/en\/wp-json\/wp\/v2\/product_cat?post=11694"},{"taxonomy":"product_tag","embeddable":true,"href":"https:\/\/vilex.hu\/en\/wp-json\/wp\/v2\/product_tag?post=11694"}],"curies":[{"name":"wp","href":"https:\/\/api.w.org\/{rel}","templated":true}]}}