{"id":11740,"date":"2024-04-02T06:58:14","date_gmt":"2024-04-02T06:58:14","guid":{"rendered":"https:\/\/vilex.hu\/?post_type=product&#038;p=11740"},"modified":"2024-04-02T08:07:56","modified_gmt":"2024-04-02T08:07:56","slug":"lepcso-acelvaz-szerkezete","status":"publish","type":"product","link":"https:\/\/vilex.hu\/en\/shop\/lakossagi\/lepcso-acelvaz-szerkezete\/","title":{"rendered":"L\u00e9pcs\u0151 ac\u00e9l v\u00e1zszerkezete"},"content":{"rendered":"<p>Csal\u00e1dih\u00e1z belt\u00e9ri l\u00e9pcs\u0151j\u00e9nek ac\u00e9l v\u00e1zszerkezete<\/p>\n<ul>\n<li>Megrendel\u0151nk r\u00e9sz\u00e9re lemodellezt\u00fck a meg\u00e1lmodott l\u00e9pcs\u0151t.<\/li>\n<li>A szerkezet t\u0171zihorganyzott \u00e9s porfestett fel\u00fcletkezel\u00e9st kapott, a v\u00e9gleges form\u00e1j\u00e1t t\u00f6lgyfa bor\u00edt\u00e1ssal nyerte el.<\/li>\n<\/ul>","protected":false},"excerpt":{"rendered":"<p>Csal\u00e1dih\u00e1z belt\u00e9ri l\u00e9pcs\u0151j\u00e9nek ac\u00e9l v\u00e1zszerkezete Megrendel\u0151nk r\u00e9sz\u00e9re lemodellezt\u00fck a meg\u00e1lmodott l\u00e9pcs\u0151t. A szerkezet t\u0171zihorganyzott \u00e9s porfestett fel\u00fcletkezel\u00e9st kapott, a v\u00e9gleges form\u00e1j\u00e1t t\u00f6lgyfa bor\u00edt\u00e1ssal nyerte el.<\/p>","protected":false},"featured_media":11743,"comment_status":"open","ping_status":"closed","template":"","meta":[],"product_brand":[],"product_cat":[133],"product_tag":[],"class_list":{"0":"post-11740","1":"product","2":"type-product","3":"status-publish","4":"has-post-thumbnail","6":"product_cat-lakossagi","8":"first","9":"instock","10":"shipping-taxable","11":"product-type-simple"},"_links":{"self":[{"href":"https:\/\/vilex.hu\/en\/wp-json\/wp\/v2\/product\/11740","targetHints":{"allow":["GET"]}}],"collection":[{"href":"https:\/\/vilex.hu\/en\/wp-json\/wp\/v2\/product"}],"about":[{"href":"https:\/\/vilex.hu\/en\/wp-json\/wp\/v2\/types\/product"}],"replies":[{"embeddable":true,"href":"https:\/\/vilex.hu\/en\/wp-json\/wp\/v2\/comments?post=11740"}],"wp:featuredmedia":[{"embeddable":true,"href":"https:\/\/vilex.hu\/en\/wp-json\/wp\/v2\/media\/11743"}],"wp:attachment":[{"href":"https:\/\/vilex.hu\/en\/wp-json\/wp\/v2\/media?parent=11740"}],"wp:term":[{"taxonomy":"product_brand","embeddable":true,"href":"https:\/\/vilex.hu\/en\/wp-json\/wp\/v2\/product_brand?post=11740"},{"taxonomy":"product_cat","embeddable":true,"href":"https:\/\/vilex.hu\/en\/wp-json\/wp\/v2\/product_cat?post=11740"},{"taxonomy":"product_tag","embeddable":true,"href":"https:\/\/vilex.hu\/en\/wp-json\/wp\/v2\/product_tag?post=11740"}],"curies":[{"name":"wp","href":"https:\/\/api.w.org\/{rel}","templated":true}]}}