{"id":11745,"date":"2024-04-02T07:20:18","date_gmt":"2024-04-02T07:20:18","guid":{"rendered":"https:\/\/vilex.hu\/?post_type=product&#038;p=11745"},"modified":"2024-04-02T07:23:33","modified_gmt":"2024-04-02T07:23:33","slug":"kisteherauto-polc","status":"publish","type":"product","link":"https:\/\/vilex.hu\/en\/shop\/lakossagi\/kisteherauto-polc\/","title":{"rendered":"Kisteheraut\u00f3 polc"},"content":{"rendered":"<p>Z\u00e1rt kisteheraut\u00f3 ac\u00e9lszerkezet\u0171 polc<\/p>\n<ul>\n<li>T\u0171zihorganyz\u00e1ssal \u00e9s porfest\u00e9ssel kezelt ac\u00e9lszerkezet,a rakfel\u00fclet OSB lap<\/li>\n<\/ul>","protected":false},"excerpt":{"rendered":"<p>Z\u00e1rt kisteheraut\u00f3 ac\u00e9lszerkezet\u0171 polc T\u0171zihorganyz\u00e1ssal \u00e9s porfest\u00e9ssel kezelt ac\u00e9lszerkezet,a rakfel\u00fclet OSB lap<\/p>","protected":false},"featured_media":11746,"comment_status":"open","ping_status":"closed","template":"","meta":[],"product_brand":[],"product_cat":[133],"product_tag":[],"class_list":{"0":"post-11745","1":"product","2":"type-product","3":"status-publish","4":"has-post-thumbnail","6":"product_cat-lakossagi","8":"first","9":"instock","10":"shipping-taxable","11":"product-type-simple"},"_links":{"self":[{"href":"https:\/\/vilex.hu\/en\/wp-json\/wp\/v2\/product\/11745","targetHints":{"allow":["GET"]}}],"collection":[{"href":"https:\/\/vilex.hu\/en\/wp-json\/wp\/v2\/product"}],"about":[{"href":"https:\/\/vilex.hu\/en\/wp-json\/wp\/v2\/types\/product"}],"replies":[{"embeddable":true,"href":"https:\/\/vilex.hu\/en\/wp-json\/wp\/v2\/comments?post=11745"}],"wp:featuredmedia":[{"embeddable":true,"href":"https:\/\/vilex.hu\/en\/wp-json\/wp\/v2\/media\/11746"}],"wp:attachment":[{"href":"https:\/\/vilex.hu\/en\/wp-json\/wp\/v2\/media?parent=11745"}],"wp:term":[{"taxonomy":"product_brand","embeddable":true,"href":"https:\/\/vilex.hu\/en\/wp-json\/wp\/v2\/product_brand?post=11745"},{"taxonomy":"product_cat","embeddable":true,"href":"https:\/\/vilex.hu\/en\/wp-json\/wp\/v2\/product_cat?post=11745"},{"taxonomy":"product_tag","embeddable":true,"href":"https:\/\/vilex.hu\/en\/wp-json\/wp\/v2\/product_tag?post=11745"}],"curies":[{"name":"wp","href":"https:\/\/api.w.org\/{rel}","templated":true}]}}