{"id":11747,"date":"2024-04-02T07:24:13","date_gmt":"2024-04-02T07:24:13","guid":{"rendered":"https:\/\/vilex.hu\/?post_type=product&#038;p=11747"},"modified":"2024-04-02T08:05:33","modified_gmt":"2024-04-02T08:05:33","slug":"kazan","status":"publish","type":"product","link":"https:\/\/vilex.hu\/en\/shop\/lakossagi\/kazan\/","title":{"rendered":"Kaz\u00e1n"},"content":{"rendered":"<p>Vegyest\u00fczel\u00e9s\u0171 kaz\u00e1n<\/p>\n<p>Egy igaz\u00e1n nagy m\u00e9ret\u0171 kaz\u00e1n, melynek befoglal\u00f3 m\u00e9retei: 1700x1300x1500mm<\/p>","protected":false},"excerpt":{"rendered":"<p>Vegyest\u00fczel\u00e9s\u0171 kaz\u00e1n<\/p>","protected":false},"featured_media":11751,"comment_status":"open","ping_status":"closed","template":"","meta":[],"product_brand":[],"product_cat":[133],"product_tag":[],"class_list":{"0":"post-11747","1":"product","2":"type-product","3":"status-publish","4":"has-post-thumbnail","6":"product_cat-lakossagi","8":"first","9":"instock","10":"shipping-taxable","11":"product-type-simple"},"_links":{"self":[{"href":"https:\/\/vilex.hu\/en\/wp-json\/wp\/v2\/product\/11747","targetHints":{"allow":["GET"]}}],"collection":[{"href":"https:\/\/vilex.hu\/en\/wp-json\/wp\/v2\/product"}],"about":[{"href":"https:\/\/vilex.hu\/en\/wp-json\/wp\/v2\/types\/product"}],"replies":[{"embeddable":true,"href":"https:\/\/vilex.hu\/en\/wp-json\/wp\/v2\/comments?post=11747"}],"wp:featuredmedia":[{"embeddable":true,"href":"https:\/\/vilex.hu\/en\/wp-json\/wp\/v2\/media\/11751"}],"wp:attachment":[{"href":"https:\/\/vilex.hu\/en\/wp-json\/wp\/v2\/media?parent=11747"}],"wp:term":[{"taxonomy":"product_brand","embeddable":true,"href":"https:\/\/vilex.hu\/en\/wp-json\/wp\/v2\/product_brand?post=11747"},{"taxonomy":"product_cat","embeddable":true,"href":"https:\/\/vilex.hu\/en\/wp-json\/wp\/v2\/product_cat?post=11747"},{"taxonomy":"product_tag","embeddable":true,"href":"https:\/\/vilex.hu\/en\/wp-json\/wp\/v2\/product_tag?post=11747"}],"curies":[{"name":"wp","href":"https:\/\/api.w.org\/{rel}","templated":true}]}}