{"id":11754,"date":"2024-04-02T08:08:06","date_gmt":"2024-04-02T08:08:06","guid":{"rendered":"https:\/\/vilex.hu\/?post_type=product&#038;p=11754"},"modified":"2024-04-02T08:24:03","modified_gmt":"2024-04-02T08:24:03","slug":"kerites-es-uszokapu","status":"publish","type":"product","link":"https:\/\/vilex.hu\/en\/shop\/lakossagi\/kerites-es-uszokapu\/","title":{"rendered":"Ker\u00edt\u00e9s \u00e9s \u00fasz\u00f3kapu"},"content":{"rendered":"<p>Csal\u00e1di h\u00e1z Utca fronti ker\u00edt\u00e9s elektromos \u00fasz\u00f3kapuval.<\/p>\n<p>Fa mint\u00e1s trap\u00e9zlemez bor\u00edt\u00e1s\u00fa, t\u0171zihorganyzott \u00e9s porfestett ac\u00e9l v\u00e1zszerkezet.<\/p>\n<p>Elektromos kapunyit\u00f3 technik\u00e1val.<\/p>","protected":false},"excerpt":{"rendered":"<p><strong>Csal\u00e1dih\u00e1z utcafronti ker\u00edt\u00e9s elektromos \u00fasz\u00f3kapuval .<\/strong><\/p>","protected":false},"featured_media":11755,"comment_status":"open","ping_status":"closed","template":"","meta":[],"product_brand":[],"product_cat":[133],"product_tag":[],"class_list":{"0":"post-11754","1":"product","2":"type-product","3":"status-publish","4":"has-post-thumbnail","6":"product_cat-lakossagi","8":"first","9":"instock","10":"shipping-taxable","11":"product-type-simple"},"_links":{"self":[{"href":"https:\/\/vilex.hu\/en\/wp-json\/wp\/v2\/product\/11754","targetHints":{"allow":["GET"]}}],"collection":[{"href":"https:\/\/vilex.hu\/en\/wp-json\/wp\/v2\/product"}],"about":[{"href":"https:\/\/vilex.hu\/en\/wp-json\/wp\/v2\/types\/product"}],"replies":[{"embeddable":true,"href":"https:\/\/vilex.hu\/en\/wp-json\/wp\/v2\/comments?post=11754"}],"wp:featuredmedia":[{"embeddable":true,"href":"https:\/\/vilex.hu\/en\/wp-json\/wp\/v2\/media\/11755"}],"wp:attachment":[{"href":"https:\/\/vilex.hu\/en\/wp-json\/wp\/v2\/media?parent=11754"}],"wp:term":[{"taxonomy":"product_brand","embeddable":true,"href":"https:\/\/vilex.hu\/en\/wp-json\/wp\/v2\/product_brand?post=11754"},{"taxonomy":"product_cat","embeddable":true,"href":"https:\/\/vilex.hu\/en\/wp-json\/wp\/v2\/product_cat?post=11754"},{"taxonomy":"product_tag","embeddable":true,"href":"https:\/\/vilex.hu\/en\/wp-json\/wp\/v2\/product_tag?post=11754"}],"curies":[{"name":"wp","href":"https:\/\/api.w.org\/{rel}","templated":true}]}}