{"id":11759,"date":"2024-04-02T08:31:23","date_gmt":"2024-04-02T08:31:23","guid":{"rendered":"https:\/\/vilex.hu\/?post_type=product&#038;p=11759"},"modified":"2025-06-11T13:08:49","modified_gmt":"2025-06-11T13:08:49","slug":"acel-tartooszlopok","status":"publish","type":"product","link":"https:\/\/vilex.hu\/en\/shop\/acelszerkezetuepulet\/acel-tartooszlopok\/","title":{"rendered":"H\u00edrk\u00f6zl\u00e9si \u00e9s kapcsol\u00f3 \u00e1llom\u00e1s tart\u00f3szerkezetei"},"content":{"rendered":"<p>T\u00e9rvil\u00e1g\u00edt\u00f3, h\u00edrk\u00f6zl\u00e9si oszlopok \u00e9s elektromos h\u00e1l\u00f3zat tart\u00f3 szerkezetei.<\/p>\n<p>T\u0171zihorganyzott \u00e9s festett ac\u00e9lszerkezet.<\/p>\n<p>A piros-feh\u00e9r szakaszosan festett ac\u00e9lszerkezet magass\u00e1ga miatt, a l\u00e9gik\u00f6zleked\u00e9s szabv\u00e1nyainak megfelel\u0151en ker\u00fclt kivitelez\u00e9sre.<\/p>","protected":false},"excerpt":{"rendered":"<p>T\u00e9rvil\u00e1g\u00edt\u00f3, h\u00edrk\u00f6zl\u00e9si oszlopok \u00e9s elektromos h\u00e1l\u00f3zat tart\u00f3 szerkezetei. T\u0171zihorganyzott \u00e9s festett ac\u00e9lszerkezet. A piros-feh\u00e9r szakaszosan festett ac\u00e9lszerkezet magass\u00e1ga miatt, a l\u00e9gik\u00f6zleked\u00e9s szabv\u00e1nyainak megfelel\u0151en ker\u00fclt kivitelez\u00e9sre.<\/p>","protected":false},"featured_media":11762,"comment_status":"open","ping_status":"closed","template":"","meta":[],"product_brand":[],"product_cat":[132],"product_tag":[],"class_list":{"0":"post-11759","1":"product","2":"type-product","3":"status-publish","4":"has-post-thumbnail","6":"product_cat-acelszerkezetuepulet","8":"first","9":"instock","10":"shipping-taxable","11":"product-type-simple"},"_links":{"self":[{"href":"https:\/\/vilex.hu\/en\/wp-json\/wp\/v2\/product\/11759","targetHints":{"allow":["GET"]}}],"collection":[{"href":"https:\/\/vilex.hu\/en\/wp-json\/wp\/v2\/product"}],"about":[{"href":"https:\/\/vilex.hu\/en\/wp-json\/wp\/v2\/types\/product"}],"replies":[{"embeddable":true,"href":"https:\/\/vilex.hu\/en\/wp-json\/wp\/v2\/comments?post=11759"}],"wp:featuredmedia":[{"embeddable":true,"href":"https:\/\/vilex.hu\/en\/wp-json\/wp\/v2\/media\/11762"}],"wp:attachment":[{"href":"https:\/\/vilex.hu\/en\/wp-json\/wp\/v2\/media?parent=11759"}],"wp:term":[{"taxonomy":"product_brand","embeddable":true,"href":"https:\/\/vilex.hu\/en\/wp-json\/wp\/v2\/product_brand?post=11759"},{"taxonomy":"product_cat","embeddable":true,"href":"https:\/\/vilex.hu\/en\/wp-json\/wp\/v2\/product_cat?post=11759"},{"taxonomy":"product_tag","embeddable":true,"href":"https:\/\/vilex.hu\/en\/wp-json\/wp\/v2\/product_tag?post=11759"}],"curies":[{"name":"wp","href":"https:\/\/api.w.org\/{rel}","templated":true}]}}