{"id":11764,"date":"2024-04-02T08:42:08","date_gmt":"2024-04-02T08:42:08","guid":{"rendered":"https:\/\/vilex.hu\/?post_type=product&#038;p=11764"},"modified":"2025-09-18T16:23:29","modified_gmt":"2025-09-18T16:23:29","slug":"rezsukanal-es-gyors-cserelo","status":"publish","type":"product","link":"https:\/\/vilex.hu\/en\/shop\/epitoipari-es-mezogazdasagi-gep-alkatreszek\/rezsukanal-es-gyors-cserelo\/","title":{"rendered":"R\u00e9zs\u0171kan\u00e1l \u00e9s gyors cser\u00e9l\u0151"},"content":{"rendered":"<p>Hidromek t\u00edpus\u00fa f\u00f6ldmunkag\u00e9phez k\u00e9sz\u00fclt r\u00e9zs\u0171kan\u00e1l \u00e9s saj\u00e1t tervez\u00e9s\u0171 gyorscser\u00e9l\u0151 adapter.<\/p>","protected":false},"excerpt":{"rendered":"<p>Hidromek t\u00edpus\u00fa f\u00f6ldmunkag\u00e9phez k\u00e9sz\u00fclt r\u00e9zs\u0171kan\u00e1l \u00e9s saj\u00e1t tervez\u00e9s\u0171 gyorscser\u00e9l\u0151 adapter.<\/p>","protected":false},"featured_media":11765,"comment_status":"open","ping_status":"closed","template":"","meta":[],"product_brand":[],"product_cat":[131],"product_tag":[],"class_list":{"0":"post-11764","1":"product","2":"type-product","3":"status-publish","4":"has-post-thumbnail","6":"product_cat-epitoipari-es-mezogazdasagi-gep-alkatreszek","8":"first","9":"instock","10":"shipping-taxable","11":"product-type-simple"},"_links":{"self":[{"href":"https:\/\/vilex.hu\/en\/wp-json\/wp\/v2\/product\/11764","targetHints":{"allow":["GET"]}}],"collection":[{"href":"https:\/\/vilex.hu\/en\/wp-json\/wp\/v2\/product"}],"about":[{"href":"https:\/\/vilex.hu\/en\/wp-json\/wp\/v2\/types\/product"}],"replies":[{"embeddable":true,"href":"https:\/\/vilex.hu\/en\/wp-json\/wp\/v2\/comments?post=11764"}],"wp:featuredmedia":[{"embeddable":true,"href":"https:\/\/vilex.hu\/en\/wp-json\/wp\/v2\/media\/11765"}],"wp:attachment":[{"href":"https:\/\/vilex.hu\/en\/wp-json\/wp\/v2\/media?parent=11764"}],"wp:term":[{"taxonomy":"product_brand","embeddable":true,"href":"https:\/\/vilex.hu\/en\/wp-json\/wp\/v2\/product_brand?post=11764"},{"taxonomy":"product_cat","embeddable":true,"href":"https:\/\/vilex.hu\/en\/wp-json\/wp\/v2\/product_cat?post=11764"},{"taxonomy":"product_tag","embeddable":true,"href":"https:\/\/vilex.hu\/en\/wp-json\/wp\/v2\/product_tag?post=11764"}],"curies":[{"name":"wp","href":"https:\/\/api.w.org\/{rel}","templated":true}]}}