{"id":11779,"date":"2024-04-02T11:39:16","date_gmt":"2024-04-02T11:39:16","guid":{"rendered":"https:\/\/vilex.hu\/?post_type=product&#038;p=11779"},"modified":"2024-08-09T22:34:16","modified_gmt":"2024-08-09T22:34:16","slug":"napelem-tarto-acelszerkezet","status":"publish","type":"product","link":"https:\/\/vilex.hu\/en\/shop\/lakossagi\/napelem-tarto-acelszerkezet\/","title":{"rendered":"Napelem tart\u00f3 ac\u00e9lszerkezet"},"content":{"rendered":"<p>Alacsony hajl\u00e1ssz\u00f6g\u0171 tet\u0151re tervezett \u00e9s megval\u00f3s\u00edtott ac\u00e9lszerkezet.<\/p>\n<p>A napelem tart\u00f3szerkezet t\u0171zihorganyozva ker\u00fclt telep\u00edt\u00e9sre.<\/p>","protected":false},"excerpt":{"rendered":"<p><strong>Csal\u00e1dih\u00e1zra szerelt napelem rendszer tart\u00f3szerkezete.<\/strong><\/p>\n<p><strong> .<\/strong><\/p>","protected":false},"featured_media":11780,"comment_status":"open","ping_status":"closed","template":"","meta":[],"product_brand":[],"product_cat":[133],"product_tag":[],"class_list":{"0":"post-11779","1":"product","2":"type-product","3":"status-publish","4":"has-post-thumbnail","6":"product_cat-lakossagi","8":"first","9":"instock","10":"shipping-taxable","11":"product-type-simple"},"_links":{"self":[{"href":"https:\/\/vilex.hu\/en\/wp-json\/wp\/v2\/product\/11779","targetHints":{"allow":["GET"]}}],"collection":[{"href":"https:\/\/vilex.hu\/en\/wp-json\/wp\/v2\/product"}],"about":[{"href":"https:\/\/vilex.hu\/en\/wp-json\/wp\/v2\/types\/product"}],"replies":[{"embeddable":true,"href":"https:\/\/vilex.hu\/en\/wp-json\/wp\/v2\/comments?post=11779"}],"wp:featuredmedia":[{"embeddable":true,"href":"https:\/\/vilex.hu\/en\/wp-json\/wp\/v2\/media\/11780"}],"wp:attachment":[{"href":"https:\/\/vilex.hu\/en\/wp-json\/wp\/v2\/media?parent=11779"}],"wp:term":[{"taxonomy":"product_brand","embeddable":true,"href":"https:\/\/vilex.hu\/en\/wp-json\/wp\/v2\/product_brand?post=11779"},{"taxonomy":"product_cat","embeddable":true,"href":"https:\/\/vilex.hu\/en\/wp-json\/wp\/v2\/product_cat?post=11779"},{"taxonomy":"product_tag","embeddable":true,"href":"https:\/\/vilex.hu\/en\/wp-json\/wp\/v2\/product_tag?post=11779"}],"curies":[{"name":"wp","href":"https:\/\/api.w.org\/{rel}","templated":true}]}}