{"id":11781,"date":"2024-04-02T11:47:35","date_gmt":"2024-04-02T11:47:35","guid":{"rendered":"https:\/\/vilex.hu\/?post_type=product&#038;p=11781"},"modified":"2024-04-02T11:50:23","modified_gmt":"2024-04-02T11:50:23","slug":"eloteto-acelszerkezet","status":"publish","type":"product","link":"https:\/\/vilex.hu\/en\/shop\/lakossagi\/eloteto-acelszerkezet\/","title":{"rendered":"El\u0151tet\u0151 ac\u00e9lszerkezet"},"content":{"rendered":"<p>Csal\u00e1dih\u00e1zhoz k\u00e9sz\u00fclt el\u0151tet\u0151 ac\u00e9lszerkezet rejtett csatorn\u00e1val.<\/p>\n<p>T\u0171zihorganyozott fel\u00fcletv\u00e9delemmel.<\/p>","protected":false},"excerpt":{"rendered":"<p><strong>Csal\u00e1dih\u00e1zhoz k\u00e9sz\u00fclt el\u0151tet\u0151 ac\u00e9lszerkezet<\/strong><\/p>\n<p>&nbsp;<\/p>","protected":false},"featured_media":11782,"comment_status":"open","ping_status":"closed","template":"","meta":[],"product_brand":[],"product_cat":[133],"product_tag":[],"class_list":{"0":"post-11781","1":"product","2":"type-product","3":"status-publish","4":"has-post-thumbnail","6":"product_cat-lakossagi","8":"first","9":"instock","10":"shipping-taxable","11":"product-type-simple"},"_links":{"self":[{"href":"https:\/\/vilex.hu\/en\/wp-json\/wp\/v2\/product\/11781","targetHints":{"allow":["GET"]}}],"collection":[{"href":"https:\/\/vilex.hu\/en\/wp-json\/wp\/v2\/product"}],"about":[{"href":"https:\/\/vilex.hu\/en\/wp-json\/wp\/v2\/types\/product"}],"replies":[{"embeddable":true,"href":"https:\/\/vilex.hu\/en\/wp-json\/wp\/v2\/comments?post=11781"}],"wp:featuredmedia":[{"embeddable":true,"href":"https:\/\/vilex.hu\/en\/wp-json\/wp\/v2\/media\/11782"}],"wp:attachment":[{"href":"https:\/\/vilex.hu\/en\/wp-json\/wp\/v2\/media?parent=11781"}],"wp:term":[{"taxonomy":"product_brand","embeddable":true,"href":"https:\/\/vilex.hu\/en\/wp-json\/wp\/v2\/product_brand?post=11781"},{"taxonomy":"product_cat","embeddable":true,"href":"https:\/\/vilex.hu\/en\/wp-json\/wp\/v2\/product_cat?post=11781"},{"taxonomy":"product_tag","embeddable":true,"href":"https:\/\/vilex.hu\/en\/wp-json\/wp\/v2\/product_tag?post=11781"}],"curies":[{"name":"wp","href":"https:\/\/api.w.org\/{rel}","templated":true}]}}